{"id":523,"date":"2018-08-05T09:55:01","date_gmt":"2018-08-05T07:55:01","guid":{"rendered":"https:\/\/www.volcancito.ch\/previous-events\/"},"modified":"2018-10-21T19:38:52","modified_gmt":"2018-10-21T17:38:52","slug":"previous-events","status":"publish","type":"page","link":"https:\/\/www.volcancito.ch\/en\/your-event\/previous-events\/","title":{"rendered":"Previous events"},"content":{"rendered":"<p>Since it was launched in May 2015, El Volcancito Catering has already run dozens of successful events. For example:<\/p>\n<ul>\n<li>Over 15 company cocktail parties in Winterthur, Zurich, the Z\u00fcrcher Weinland, Z\u00fcrcher Oberland, and in the Canton of Thurgau<\/li>\n<li>More than 35 birthday parties in Winterthur, Zurich, D\u00fcbendorf, Andelfingen, Seuzach, K\u00fcssnacht SZ, St\u00e4fa, Thalwil, Cham, Baar, Lucerne, Effretikon, Zollikon, K\u00fcsnacht ZH, Romanshorn, Rafz and Henggart<\/li>\n<li>Christmas dinner at a private clinic in Zurich<\/li>\n<li>Street Food Market in Zurich (2015 and 2016)<\/li>\n<li>Food Market in Zurich (2015 and 2016)<\/li>\n<li>Opening of a school in Winterthur<\/li>\n<li>Branch opening in Oerlikon<\/li>\n<li>Zumba party in Winterthur<\/li>\n<li>Food Zurich Party in the Engrosmarkt, Zurich<\/li>\n<li>\u201cPoesie aus aller Welt\u201d [\u201cPoetry from all over the world\u201d] in Zurich<\/li>\n<li>Private viewing at an art exhibition in Zurich<\/li>\n<li>Cocktail party at a theatre production at the M\u00fchlerama, Zurich<\/li>\n<li>Cocktail party at the Latin America Institute of the University of Zurich<\/li>\n<li>Pupusa party in Winterthur<\/li>\n<\/ul>\n<p>We must also make special mention of the unforgettable El Volcancito Catering opening party in the Alte Kaserne in Winterthur, where we were able to welcome over 150 invited guests from Winterthur and Zurich! We <a href=\"https:\/\/www.volcancito.ch\/wp-content\/uploads\/img001.jpg\" target=\"_blank\" rel=\"noopener\">donated<\/a> half of the proceeds to the Salvadoran children&#8217;s charity <a href=\"http:\/\/asociacionlosangelitos.org\/\" target=\"_blank\" rel=\"noopener\">Los Angelitos<\/a>.<\/p>\n<p>Take a look at the most popular dishes on our <a href=\"https:\/\/www.volcancito.ch\/en\/menu\/\">menu<\/a>. Are you planning an event? <a href=\"https:\/\/www.volcancito.ch\/en\/contact\/\">Contact us<\/a> for a customised menu proposal and a tailor-made quote!<\/p>\n","protected":false},"excerpt":{"rendered":"<p>Since it was launched in May 2015, El Volcancito Catering has already run dozens of successful events. For example: Over 15 company cocktail parties in Winterthur, Zurich, the Z\u00fcrcher Weinland, Z\u00fcrcher Oberland, and in the Canton of Thurgau More than 35 birthday parties in Winterthur, Zurich, D\u00fcbendorf, Andelfingen, Seuzach, K\u00fcssnacht SZ, St\u00e4fa, Thalwil, Cham, Baar, Lucerne, Effretikon, Zollikon, K\u00fcsnacht ZH, &#8230; <a href=\"https:\/\/www.volcancito.ch\/en\/your-event\/previous-events\/\" class=\"more-link\">Read More<\/a><\/p>\n","protected":false},"author":2,"featured_media":0,"parent":534,"menu_order":0,"comment_status":"closed","ping_status":"closed","template":"","meta":{"footnotes":""},"yoast_head":"<!-- This site is optimized with the Yoast SEO plugin v21.4 - https:\/\/yoast.com\/wordpress\/plugins\/seo\/ -->\n<title>Previous events : El Volcancito<\/title>\n<meta name=\"robots\" content=\"index, follow, max-snippet:-1, max-image-preview:large, max-video-preview:-1\" \/>\n<link rel=\"canonical\" href=\"https:\/\/www.volcancito.ch\/en\/your-event\/previous-events\/\" \/>\n<meta property=\"og:locale\" content=\"en_US\" \/>\n<meta property=\"og:type\" content=\"article\" \/>\n<meta property=\"og:title\" content=\"Previous events : El Volcancito\" \/>\n<meta property=\"og:description\" content=\"Since it was launched in May 2015, El Volcancito Catering has already run dozens of successful events. For example: Over 15 company cocktail parties in Winterthur, Zurich, the Z\u00fcrcher Weinland, Z\u00fcrcher Oberland, and in the Canton of Thurgau More than 35 birthday parties in Winterthur, Zurich, D\u00fcbendorf, Andelfingen, Seuzach, K\u00fcssnacht SZ, St\u00e4fa, Thalwil, Cham, Baar, Lucerne, Effretikon, Zollikon, K\u00fcsnacht ZH, ... Read More\" \/>\n<meta property=\"og:url\" content=\"https:\/\/www.volcancito.ch\/en\/your-event\/previous-events\/\" \/>\n<meta property=\"og:site_name\" content=\"El Volcancito\" \/>\n<meta property=\"article:publisher\" content=\"https:\/\/www.facebook.com\/volcancito.ch\/\" \/>\n<meta property=\"article:modified_time\" content=\"2018-10-21T17:38:52+00:00\" \/>\n<meta name=\"twitter:card\" content=\"summary_large_image\" \/>\n<meta name=\"twitter:label1\" content=\"Est. reading time\" \/>\n\t<meta name=\"twitter:data1\" content=\"1 minute\" \/>\n<script type=\"application\/ld+json\" class=\"yoast-schema-graph\">{\"@context\":\"https:\/\/schema.org\",\"@graph\":[{\"@type\":\"WebPage\",\"@id\":\"https:\/\/www.volcancito.ch\/en\/your-event\/previous-events\/\",\"url\":\"https:\/\/www.volcancito.ch\/en\/your-event\/previous-events\/\",\"name\":\"Previous events : El Volcancito\",\"isPartOf\":{\"@id\":\"https:\/\/www.volcancito.ch\/#website\"},\"datePublished\":\"2018-08-05T07:55:01+00:00\",\"dateModified\":\"2018-10-21T17:38:52+00:00\",\"breadcrumb\":{\"@id\":\"https:\/\/www.volcancito.ch\/en\/your-event\/previous-events\/#breadcrumb\"},\"inLanguage\":\"en-US\",\"potentialAction\":[{\"@type\":\"ReadAction\",\"target\":[\"https:\/\/www.volcancito.ch\/en\/your-event\/previous-events\/\"]}]},{\"@type\":\"BreadcrumbList\",\"@id\":\"https:\/\/www.volcancito.ch\/en\/your-event\/previous-events\/#breadcrumb\",\"itemListElement\":[{\"@type\":\"ListItem\",\"position\":1,\"name\":\"Home\",\"item\":\"https:\/\/www.volcancito.ch\/en\/\"},{\"@type\":\"ListItem\",\"position\":2,\"name\":\"Your event\",\"item\":\"https:\/\/www.volcancito.ch\/en\/your-event\/\"},{\"@type\":\"ListItem\",\"position\":3,\"name\":\"Previous events\"}]},{\"@type\":\"WebSite\",\"@id\":\"https:\/\/www.volcancito.ch\/#website\",\"url\":\"https:\/\/www.volcancito.ch\/\",\"name\":\"El Volcancito\",\"description\":\"Your party & catering service for Latin American specialities\",\"publisher\":{\"@id\":\"https:\/\/www.volcancito.ch\/#organization\"},\"potentialAction\":[{\"@type\":\"SearchAction\",\"target\":{\"@type\":\"EntryPoint\",\"urlTemplate\":\"https:\/\/www.volcancito.ch\/?s={search_term_string}\"},\"query-input\":\"required name=search_term_string\"}],\"inLanguage\":\"en-US\"},{\"@type\":\"Organization\",\"@id\":\"https:\/\/www.volcancito.ch\/#organization\",\"name\":\"El Volcancito Catering\",\"url\":\"https:\/\/www.volcancito.ch\/\",\"logo\":{\"@type\":\"ImageObject\",\"inLanguage\":\"en-US\",\"@id\":\"https:\/\/www.volcancito.ch\/#\/schema\/logo\/image\/\",\"url\":\"https:\/\/www.volcancito.ch\/wp-content\/uploads\/El_Volcancito_Catering_Logo.png\",\"contentUrl\":\"https:\/\/www.volcancito.ch\/wp-content\/uploads\/El_Volcancito_Catering_Logo.png\",\"width\":372,\"height\":396,\"caption\":\"El Volcancito Catering\"},\"image\":{\"@id\":\"https:\/\/www.volcancito.ch\/#\/schema\/logo\/image\/\"},\"sameAs\":[\"https:\/\/www.facebook.com\/volcancito.ch\/\"]}]}<\/script>\n<!-- \/ Yoast SEO plugin. -->","yoast_head_json":{"title":"Previous events : El Volcancito","robots":{"index":"index","follow":"follow","max-snippet":"max-snippet:-1","max-image-preview":"max-image-preview:large","max-video-preview":"max-video-preview:-1"},"canonical":"https:\/\/www.volcancito.ch\/en\/your-event\/previous-events\/","og_locale":"en_US","og_type":"article","og_title":"Previous events : El Volcancito","og_description":"Since it was launched in May 2015, El Volcancito Catering has already run dozens of successful events. For example: Over 15 company cocktail parties in Winterthur, Zurich, the Z\u00fcrcher Weinland, Z\u00fcrcher Oberland, and in the Canton of Thurgau More than 35 birthday parties in Winterthur, Zurich, D\u00fcbendorf, Andelfingen, Seuzach, K\u00fcssnacht SZ, St\u00e4fa, Thalwil, Cham, Baar, Lucerne, Effretikon, Zollikon, K\u00fcsnacht ZH, ... Read More","og_url":"https:\/\/www.volcancito.ch\/en\/your-event\/previous-events\/","og_site_name":"El Volcancito","article_publisher":"https:\/\/www.facebook.com\/volcancito.ch\/","article_modified_time":"2018-10-21T17:38:52+00:00","twitter_card":"summary_large_image","twitter_misc":{"Est. reading time":"1 minute"},"schema":{"@context":"https:\/\/schema.org","@graph":[{"@type":"WebPage","@id":"https:\/\/www.volcancito.ch\/en\/your-event\/previous-events\/","url":"https:\/\/www.volcancito.ch\/en\/your-event\/previous-events\/","name":"Previous events : El Volcancito","isPartOf":{"@id":"https:\/\/www.volcancito.ch\/#website"},"datePublished":"2018-08-05T07:55:01+00:00","dateModified":"2018-10-21T17:38:52+00:00","breadcrumb":{"@id":"https:\/\/www.volcancito.ch\/en\/your-event\/previous-events\/#breadcrumb"},"inLanguage":"en-US","potentialAction":[{"@type":"ReadAction","target":["https:\/\/www.volcancito.ch\/en\/your-event\/previous-events\/"]}]},{"@type":"BreadcrumbList","@id":"https:\/\/www.volcancito.ch\/en\/your-event\/previous-events\/#breadcrumb","itemListElement":[{"@type":"ListItem","position":1,"name":"Home","item":"https:\/\/www.volcancito.ch\/en\/"},{"@type":"ListItem","position":2,"name":"Your event","item":"https:\/\/www.volcancito.ch\/en\/your-event\/"},{"@type":"ListItem","position":3,"name":"Previous events"}]},{"@type":"WebSite","@id":"https:\/\/www.volcancito.ch\/#website","url":"https:\/\/www.volcancito.ch\/","name":"El Volcancito","description":"Your party & catering service for Latin American specialities","publisher":{"@id":"https:\/\/www.volcancito.ch\/#organization"},"potentialAction":[{"@type":"SearchAction","target":{"@type":"EntryPoint","urlTemplate":"https:\/\/www.volcancito.ch\/?s={search_term_string}"},"query-input":"required name=search_term_string"}],"inLanguage":"en-US"},{"@type":"Organization","@id":"https:\/\/www.volcancito.ch\/#organization","name":"El Volcancito Catering","url":"https:\/\/www.volcancito.ch\/","logo":{"@type":"ImageObject","inLanguage":"en-US","@id":"https:\/\/www.volcancito.ch\/#\/schema\/logo\/image\/","url":"https:\/\/www.volcancito.ch\/wp-content\/uploads\/El_Volcancito_Catering_Logo.png","contentUrl":"https:\/\/www.volcancito.ch\/wp-content\/uploads\/El_Volcancito_Catering_Logo.png","width":372,"height":396,"caption":"El Volcancito Catering"},"image":{"@id":"https:\/\/www.volcancito.ch\/#\/schema\/logo\/image\/"},"sameAs":["https:\/\/www.facebook.com\/volcancito.ch\/"]}]}},"_links":{"self":[{"href":"https:\/\/www.volcancito.ch\/en\/wp-json\/wp\/v2\/pages\/523"}],"collection":[{"href":"https:\/\/www.volcancito.ch\/en\/wp-json\/wp\/v2\/pages"}],"about":[{"href":"https:\/\/www.volcancito.ch\/en\/wp-json\/wp\/v2\/types\/page"}],"author":[{"embeddable":true,"href":"https:\/\/www.volcancito.ch\/en\/wp-json\/wp\/v2\/users\/2"}],"replies":[{"embeddable":true,"href":"https:\/\/www.volcancito.ch\/en\/wp-json\/wp\/v2\/comments?post=523"}],"version-history":[{"count":3,"href":"https:\/\/www.volcancito.ch\/en\/wp-json\/wp\/v2\/pages\/523\/revisions"}],"predecessor-version":[{"id":655,"href":"https:\/\/www.volcancito.ch\/en\/wp-json\/wp\/v2\/pages\/523\/revisions\/655"}],"up":[{"embeddable":true,"href":"https:\/\/www.volcancito.ch\/en\/wp-json\/wp\/v2\/pages\/534"}],"wp:attachment":[{"href":"https:\/\/www.volcancito.ch\/en\/wp-json\/wp\/v2\/media?parent=523"}],"curies":[{"name":"wp","href":"https:\/\/api.w.org\/{rel}","templated":true}]}}