{"id":591,"date":"2018-08-05T14:40:05","date_gmt":"2018-08-05T12:40:05","guid":{"rendered":"https:\/\/www.volcancito.ch\/legal-information-and-disclaimer\/"},"modified":"2024-03-03T11:10:01","modified_gmt":"2024-03-03T10:10:01","slug":"legal-information-and-disclaimer","status":"publish","type":"page","link":"https:\/\/www.volcancito.ch\/en\/legal-information-and-disclaimer\/","title":{"rendered":"Legal information and disclaimer"},"content":{"rendered":"<h2>Kontaktadresse &amp; Verantwortlich f\u00fcr den Inhalt<\/h2>\n<p>Rosalina Mena&#8217;s El Volcancito Catering<br \/>\nRosalina\u00a0Mena Eymann<br \/>\nPappelweg 42<br \/>\n8404 Winterthur<br \/>\nSchweiz<br \/>\nEmail: hola@volcancito.ch<\/p>\n<p>WordPress Website:\u00a0<a href=\"https:\/\/8020webdesign.ch\" target=\"_blank\" rel=\"noopener noreferrer\">80\/20 Webdesign &amp; SEO Webagentur<\/a><\/p>\n<h2>Haftungsausschluss<\/h2>\n<p>Der Autor \u00fcbernimmt keinerlei Gew\u00e4hr hinsichtlich der inhaltlichen Richtigkeit, Genauigkeit, Aktualit\u00e4t, Zuverl\u00e4ssigkeit und Vollst\u00e4ndigkeit der Informationen. Haftungsanspr\u00fcche gegen den Autor wegen Sch\u00e4den materieller oder immaterieller Art, welche aus dem Zugriff oder der Nutzung bzw. Nichtnutzung der ver\u00f6ffentlichten Informationen, durch Missbrauch der Verbindung oder durch technische St\u00f6rungen entstanden sind, werden ausgeschlossen. Alle Angebote sind unverbindlich. Der Autor beh\u00e4lt es sich ausdr\u00fccklich vor, Teile der Seiten oder das gesamte Angebot ohne gesonderte Ank\u00fcndigung zu ver\u00e4ndern, zu erg\u00e4nzen, zu l\u00f6schen oder die Ver\u00f6ffentlichung zeitweise oder endg\u00fcltig einzustellen.<\/p>\n<h2>Haftung f\u00fcr Links<\/h2>\n<p>Verweise und Links auf Webseiten Dritter liegen ausserhalb unseres Verantwortungsbereichs Es wird jegliche Verantwortung f\u00fcr solche Webseiten abgelehnt. Der Zugriff und die Nutzung solcher Webseiten erfolgen auf eigene Gefahr des Nutzers oder der Nutzerin.<\/p>\n<h2>Urheberrechte<\/h2>\n<p>Die Urheber- und alle anderen Rechte an Inhalten, Bildern, Fotos oder anderen Dateien auf der Website geh\u00f6ren ausschliesslich\u00a0der Firma Rosalina Mena&#8217;s El Volcancito Catering\u00a0oder den speziell genannten Rechtsinhabern. F\u00fcr die Reproduktion jeglicher Elemente ist die schriftliche Zustimmung der Urheberrechtstr\u00e4ger im Voraus einzuholen.<\/p>\n<h2>Datenschutz<\/h2>\n<p>1 Datenschutzerkl\u00e4rung Die vorliegende Datenschutzerkl\u00e4rung kl\u00e4rt Sie \u00fcber die Art, den Umfang und den Zweck der Erhebung und Verwendung personenbezogener Daten auf unserer Website www.volcancito.ch (im Folgenden \u201eWebsite\u201c) durch Rosalina Mena&#8217;s Volcancito Catering (im Folgenden \u201ewir\u201c oder \u201euns\u201c) auf und gibt \u00fcber die Ihnen zustehenden Rechte Auskunft. Diese Rechte richten sich nach den anwendbaren Datenschutzgesetzen.<br \/>\n2 Verantwortlicher f\u00fcr die Datenbearbeitung Verantwortlicher f\u00fcr die Datenbearbeitung auf dieser Website und Ansprechpartner f\u00fcr Datenschutzanliegen ist: Rosalina Mena&#8217;s Volcancito Catering, 8404 Winterthur.<br \/>\n3 Datenerfassung auf dieser Website<br \/>\n3.1 Logfiles<br \/>\nZur Optimierung und Aufrechterhaltung unserer Website protokollieren wir technische Fehler, die beim Aufrufen unserer Website allenfalls auftreten. Ferner werden bei der Nutzung dieser Website automatisch Informationen erhoben, die der Browser Ihres Endger\u00e4ts an unseren Host-Provider \u00fcbermittelt. Dies sind: IP-Adresse und Betriebssystem Ihres Endger\u00e4ts, Browsertyp, Version, Sprache Datum und Uhrzeit der Serveranfrage, aufgerufene Datei, die Website, von der aus der Zugriff erfolgte (Referrer URL), den Status-Code (z.B. 404) und das verwendete \u00dcbertragungsprotokoll (z.B. HTTP\/2). Diese Daten werden von unserem Host-Provider erhoben und gespeichert, um Prozesse und Abl\u00e4ufe insbesondere in Zusammenhang mit der Nutzung unserer Website und der Sicherheit und Stabilit\u00e4t des Computersystems optimieren zu k\u00f6nnen. Sofern die DSGVO anwendbar ist, sind Grundlage f\u00fcr diese Datenbearbeitung Art. 6 Abs. 1 lit. f DSGVO.<br \/>\n3.2 Kontaktformular<br \/>\nWenn Sie unser Kontaktformular benutzen, werden Ihre Angaben aus dem Anfrageformular zur Bearbeitung der Anfrage und f\u00fcr den Fall von Anschlussfragen von uns bearbeitet. In der Regel ben\u00f6tigen wir folgende Angaben:<br \/>\nVor- und Nachname, Firma, E-Mail-Adresse, Adresse, Telefonnummer, Betreff und Nachrichteninhalt. Wir verwenden die von Ihnen mitgeteilten Daten, um Ihre Anfrage zu beantworten. Sofern die DSGVO anwendbar ist, sind Grundlage f\u00fcr diese Datenbearbeitung Art. 6 Abs. 1 lit. f DSGVO.<br \/>\n3.3 Cookies<br \/>\nWir setzen auf unserer Website Cookies ein. Cookies sind kleine Dateien, die auf Ihrem Endger\u00e4t abgelegt werden und die Ihr Browser speichert. Einige der von uns verwendeten Cookies werden automatisch gel\u00f6scht, wenn Sie unsere Website verlassen. Andere Cookies bleiben auf Ihrem Endger\u00e4t gespeichert, bis Sie diese l\u00f6schen oder bis sie ablaufen. Diese Cookies erm\u00f6glichen es, Ihren Browser beim n\u00e4chsten Besuch unserer Website wiederzuerkennen. In Ihrem Browser k\u00f6nnen Sie einstellen, dass Sie \u00fcber das Setzen von Cookies vorab informiert werden und im Einzelfall entscheiden k\u00f6nnen, ob Sie die Annahme von Cookies f\u00fcr bestimmte F\u00e4lle oder generell ausschliessen, oder dass Cookies komplett verhindert werden. Dadurch kann die Funktionalit\u00e4t der Website eingeschr\u00e4nkt werden. Cookies, die f\u00fcr den elektronischen Kommunikationsvorgang oder von Ihnen gew\u00fcnschte Funktionen erforderlich sind oder Ihr Benutzererlebnis optimieren, werden \u2013 sofern die DSGVO anwendbar ist \u2013 auf Grundlage von Art. 6 Abs. 1 lit. f DSGVO gespeichert.<br \/>\n4 Externe Dienste<br \/>\nAuf unserer Website setzen wir verschiedene Dienste von Drittanbietern ein. Nachfolgend legen wir im Einzelnen dar, um welche Dienste es sich handelt, wof\u00fcr wir sie einsetzen und welche Daten gesammelt werden. Die Einbindung externer Dienste kann gem\u00e4ss der aktuellen europ\u00e4ischen Rechtsprechung heikel sein. Die Weitergabe von Personendaten an externe Anbieter (Beispiel: Analytics, Werbung, CDN, Fonts, Videos usw.) sollte im Einzelfall analysiert werden.<br \/>\n4.1 TEMPLATE F\u00dcR EXTERNE DIENSTEAuf unseren Seiten sind Plugins des sozialen Netzwerks Facebook, 1601 South California Avenue, Palo Alto, CA 94304, USA integriert. Die Facebook-Plugins erkennen Sie an dem Facebook-Logo oder dem &#8220;Like-Button&#8221; (&#8220;Gef\u00e4llt mir&#8221;) auf unserer Seite. Eine \u00dcbersicht \u00fcber die Facebook-Plugins finden Sie hier: http:\/\/developers.facebook.com\/docs\/plugins\/.<br \/>\nWenn Sie unsere Seiten besuchen, wird \u00fcber das Plugin eine direkte Verbindung zwischen Ihrem Browser und dem Facebook-Server hergestellt. Facebook erh\u00e4lt dadurch die Information, dass Sie mit Ihrer IP-Adresse unsere Seite besucht haben. Wenn Sie den Facebook &#8220;Like-Button&#8221; anklicken w\u00e4hrend Sie in Ihrem Facebook-Account eingeloggt sind, k\u00f6nnen Sie die Inhalte unserer Seiten auf Ihrem Facebook-Profil verlinken. Dadurch kann Facebook den Besuch unserer Seiten Ihrem Benutzerkonto zuordnen. Wir weisen darauf hin, dass wir als Anbieter der Seiten keine Kenntnis vom Inhalt der \u00fcbermittelten Daten sowie deren Nutzung durch Facebook erhalten. Weitere Informationen hierzu finden Sie in der Datenschutzerkl\u00e4rung von facebook unter https:\/\/www.facebook.com\/about\/privacy\/<br \/>\nWenn Sie nicht w\u00fcnschen, dass Facebook den Besuch unserer Seiten Ihrem Facebook-Nutzerkonto zuordnen kann, loggen Sie sich bitte aus Ihrem Facebook-Benutzerkonto aus.<\/p>\n<h2>Datenschutzerkl\u00e4rung f\u00fcr die Nutzung von X<\/h2>\n<p>Auf unseren Seiten sind Funktionen des Dienstes X eingebunden. Diese Funktionen werden angeboten durch die X Inc., 795 Folsom St., Suite 600, San Francisco, CA 94107, USA. Durch das Benutzen von X und der Funktion &#8220;Re-Tweet&#8221; werden die von Ihnen besuchten Webseiten mit Ihrem X-Account verkn\u00fcpft und anderen Nutzern bekannt gegeben. Dabei werden u.a. Daten wie IP-Adresse, Browsertyp, aufgerufene Domains, besuchte Seiten, Mobilfunkanbieter, Ger\u00e4te- und Applikations-IDs und Suchbegriffe an X \u00fcbertragen.<\/p>\n<p>Wir weisen darauf hin, dass wir als Anbieter der Seiten keine Kenntnis vom Inhalt der \u00fcbermittelten Daten sowie deren Nutzung durch X erhalten. Aufgrund laufender Aktualisierung der Datenschutzerkl\u00e4rung von X, weisen wir auf die aktuellste Version unter (<a href=\"https:\/\/twitter.com\/en\/privacy\">http:\/\/twitter.com\/privacy<\/a>) hin.<\/p>\n<p>Ihre Datenschutzeinstellungen bei X k\u00f6nnen Sie in den Konto-Einstellungen unter http:\/\/twitter.com\/account\/settings \u00e4ndern. Bei Fragen wenden Sie sich an privacy@twitter.com.<\/p>\n<h2>Datenschutzerkl\u00e4rung f\u00fcr die Nutzung von Google Analytics<\/h2>\n<p>Diese Website benutzt Google Analytics, einen Webanalysedienst der Google Inc. (&#8220;Google&#8221;). Google Analytics verwendet sog. &#8220;Cookies&#8221;, Textdateien, die auf Ihrem Computer gespeichert werden und die eine Analyse der Benutzung der Website durch Sie erm\u00f6glichen. Die durch den Cookie erzeugten Informationen \u00fcber Ihre Benutzung dieser Website werden in der Regel an einen Server von Google in den USA \u00fcbertragen und dort gespeichert. Im Falle der Aktivierung der IP-Anonymisierung auf dieser Webseite wird Ihre IP-Adresse von Google jedoch innerhalb von Mitgliedstaaten der Europ\u00e4ischen Union oder in anderen Vertragsstaaten des Abkommens \u00fcber den Europ\u00e4ischen Wirtschaftsraum zuvor gek\u00fcrzt.<\/p>\n<p>Nur in Ausnahmef\u00e4llen wird die volle IP-Adresse an einen Server von Google in den USA \u00fcbertragen und dort gek\u00fcrzt. Google wird diese Informationen benutzen, um Ihre Nutzung der Website auszuwerten, um Reports \u00fcber die Websiteaktivit\u00e4ten f\u00fcr die Websitebetreiber zusammenzustellen und um weitere mit der Websitenutzung und der Internetnutzung verbundene Dienstleistungen zu erbringen. Auch wird Google diese Informationen gegebenenfalls an Dritte \u00fcbertragen, sofern dies gesetzlich vorgeschrieben oder soweit Dritte diese Daten im Auftrag von Google verarbeiten. Die im Rahmen von Google Analytics von Ihrem Browser \u00fcbermittelte IP-Adresse wird nicht mit anderen Daten von Google zusammengef\u00fchrt.<\/p>\n<p>Sie k\u00f6nnen die Installation der Cookies durch eine entsprechende Einstellung Ihrer Browser Software verhindern; wir weisen Sie jedoch darauf hin, dass Sie in diesem Fall gegebenenfalls nicht s\u00e4mtliche Funktionen dieser Website voll umf\u00e4nglich nutzen k\u00f6nnen. Durch die Nutzung dieser Website erkl\u00e4ren Sie sich mit der Bearbeitung der \u00fcber Sie erhobenen Daten durch Google in der zuvor beschriebenen Art und Weise und zu dem zuvor benannten Zweck einverstanden.<\/p>\n<h2>Datenschutzerkl\u00e4rung f\u00fcr die Nutzung von Google +1<\/h2>\n<p>Mithilfe der Google +1-Schaltfl\u00e4che k\u00f6nnen Sie Informationen weltweit ver\u00f6ffentlichen. \u00dcber die Google +1-Schaltfl\u00e4che erhalten Sie und andere Nutzer personalisierte Inhalte von Google und dessen Partnern. Google speichert sowohl die Information, dass Sie f\u00fcr einen Inhalt +1 gegeben haben, als auch Informationen \u00fcber die Seite, die Sie beim Klicken auf +1 angesehen haben. Ihre +1 k\u00f6nnen als Hinweise zusammen mit Ihrem Profilnamen und Ihrem Foto in Google-Diensten, wie etwa in Suchergebnissen oder in Ihrem Google-Profil, oder an anderen Stellen auf Websites und Anzeigen im Internet eingeblendet werden.<\/p>\n<p>Google zeichnet Informationen \u00fcber Ihre +1-Aktivit\u00e4ten auf, um die Google-Dienste f\u00fcr Sie und andere zu verbessern.<\/p>\n<p>Um die Google +1-Schaltfl\u00e4che verwenden zu k\u00f6nnen, ben\u00f6tigen Sie ein weltweit sichtbares, \u00f6ffentliches Google-Profil, das zumindest den f\u00fcr das Profil gew\u00e4hlten Namen enthalten muss. Dieser Name wird in allen Google-Diensten verwendet. In manchen F\u00e4llen kann dieser Name auch einen anderen Namen ersetzen, den Sie beim Teilen von Inhalten \u00fcber Ihr Google-Konto verwendet haben. Die Identit\u00e4t Ihres Google-Profils kann Nutzern angezeigt werden, die Ihre E-Mail-Adresse kennen oder \u00fcber andere identifizierende Informationen von Ihnen verf\u00fcgen.<\/p>\n<p>Neben den oben erl\u00e4uterten Verwendungszwecken werden die von Ihnen bereitgestellten Informationen gem\u00e4\u00df den geltenden Google-Datenschutzbestimmungen (http:\/\/www.google.com\/intl\/de\/policies\/privacy\/) genutzt. Google ver\u00f6ffentlicht m\u00f6glicherweise zusammengefasste Statistiken \u00fcber die +1-Aktivit\u00e4ten der Nutzer bzw. geben diese Statistiken an unsere Nutzer und Partner weiter, wie etwa Publisher, Inserenten oder verbundene Websites.<\/p>\n<p>Sofern die DSGVO anwendbar ist, ist Grundlage f\u00fcr die Datenbearbeitung Art. 6 Abs. 1 lit. a DSGVO oder Art. 6 Abs. 1 lit. b DSGVO oder Art. 6 Abs. 1 lit. f DSGVO.<\/p>\n<p>5 Links Auf unserer Website finden Sie Links auf Seiten von Drittanbietern. Wir sind nicht verantwortlich f\u00fcr die Inhalte und Datenschutzvorkehrungen auf externen Websites, welche Sie \u00fcber die Links erreichen k\u00f6nnen. Bitte informieren Sie sich \u00fcber den Datenschutz direkt auf den entsprechenden Websites. 6 Weitergabe von Daten an Dritte Damit wir Ihnen die Informationen auf unserer Website anbieten k\u00f6nnen, arbeiten wir mit verschiedenen Dienstleistern zusammen, namentlich mit IT-Dienstleistern, um Ihnen eine zeitgem\u00e4sse Website anbieten zu k\u00f6nnen. Diese verwenden Ihre Daten nur im Rahmen der Auftragsabwicklungen f\u00fcr uns. Mit Ausnahme der Bestimmungen in Ziffer 3.4 dieser Datenschutzerkl\u00e4rung, nehmen wir eine Daten\u00fcbermittlung an Stellen ausserhalb der Schweiz und der Europ\u00e4ischen Union (Drittstaat) ohne Ihre Einwilligung nur vor, sofern dies nach dem jeweiligen Vertrag erforderlich ist, zur Erf\u00fcllung gesetzlicher Verpflichtungen oder zur Wahrung unserer berechtigten Interessen. 7 Ihre Rechte Soweit von dem auf Sie anwendbaren Datenschutzrecht vorgesehen, k\u00f6nnen Sie unentgeltlich Auskunft \u00fcber die auf Sie bezogenen gespeicherten Daten, deren Herkunft und Empf\u00e4nger und den Zweck der Datenbearbeitung verlangen. Ebenso steht Ihnen unter den gesetzlichen Voraussetzungen ein Recht auf Berichtigung, L\u00f6schung, Einschr\u00e4nkung der oder Widerspruch gegen die Bearbeitung sowie, sofern die DSGVO zur Anwendung gelangt, auf Herausgabe dieser Daten zur \u00dcbertragung an eine andere Stelle zu. Eine von Ihnen erteilte Einwilligung k\u00f6nnen Sie mit Wirkung f\u00fcr die Zukunft jederzeit widerrufen. Dazu reicht eine formlose Mitteilung per E-Mail an uns. Bitte beachten Sie, dass die vorstehenden Rechte gesetzlichen Einschr\u00e4nkungen unterstehen und ggf. die Erbringung unserer Dienstleistungen beeintr\u00e4chtigen oder verunm\u00f6glichen k\u00f6nnen. Sie sind berechtigt, Ihre Anspr\u00fcche gerichtlich durchzusetzen oder eine Beschwerde bei der zust\u00e4ndigen Datenschutzbeh\u00f6rde einzureichen. F\u00fcr die Schweiz ist der Eidgen\u00f6ssische Datenschutz- und \u00d6ffentlichkeitsbeauftragte zust\u00e4ndig (http:\/\/www.edoeb.admin.ch). 8 Aktualit\u00e4t und \u00c4nderung dieser Datenschutzerkl\u00e4rung Wir k\u00f6nnen diese Datenschutzerkl\u00e4rung jederzeit \u00e4ndern oder anpassen. Die aktuelle Datenschutzerkl\u00e4rung kann auf abgerufen werden.<\/p>\n","protected":false},"excerpt":{"rendered":"<p>Kontaktadresse &amp; Verantwortlich f\u00fcr den Inhalt Rosalina Mena&#8217;s El Volcancito Catering Rosalina\u00a0Mena Eymann Pappelweg 42 8404 Winterthur Schweiz Email: hola@volcancito.ch WordPress Website:\u00a080\/20 Webdesign &amp; SEO Webagentur Haftungsausschluss Der Autor \u00fcbernimmt keinerlei Gew\u00e4hr hinsichtlich der inhaltlichen Richtigkeit, Genauigkeit, Aktualit\u00e4t, Zuverl\u00e4ssigkeit und Vollst\u00e4ndigkeit der Informationen. Haftungsanspr\u00fcche gegen den Autor wegen Sch\u00e4den materieller oder immaterieller Art, welche aus dem Zugriff oder der Nutzung &#8230; <a href=\"https:\/\/www.volcancito.ch\/en\/legal-information-and-disclaimer\/\" class=\"more-link\">Read More<\/a><\/p>\n","protected":false},"author":2,"featured_media":0,"parent":0,"menu_order":0,"comment_status":"closed","ping_status":"closed","template":"","meta":{"footnotes":""},"yoast_head":"<!-- This site is optimized with the Yoast SEO plugin v21.4 - https:\/\/yoast.com\/wordpress\/plugins\/seo\/ -->\n<title>Legal information and disclaimer : El Volcancito<\/title>\n<meta name=\"robots\" content=\"index, follow, max-snippet:-1, max-image-preview:large, max-video-preview:-1\" \/>\n<link rel=\"canonical\" href=\"https:\/\/www.volcancito.ch\/en\/legal-information-and-disclaimer\/\" \/>\n<meta property=\"og:locale\" content=\"en_US\" \/>\n<meta property=\"og:type\" content=\"article\" \/>\n<meta property=\"og:title\" content=\"Legal information and disclaimer : El Volcancito\" \/>\n<meta property=\"og:description\" content=\"Kontaktadresse &amp; Verantwortlich f\u00fcr den Inhalt Rosalina Mena&#8217;s El Volcancito Catering Rosalina\u00a0Mena Eymann Pappelweg 42 8404 Winterthur Schweiz Email: hola@volcancito.ch WordPress Website:\u00a080\/20 Webdesign &amp; SEO Webagentur Haftungsausschluss Der Autor \u00fcbernimmt keinerlei Gew\u00e4hr hinsichtlich der inhaltlichen Richtigkeit, Genauigkeit, Aktualit\u00e4t, Zuverl\u00e4ssigkeit und Vollst\u00e4ndigkeit der Informationen. Haftungsanspr\u00fcche gegen den Autor wegen Sch\u00e4den materieller oder immaterieller Art, welche aus dem Zugriff oder der Nutzung ... Read More\" \/>\n<meta property=\"og:url\" content=\"https:\/\/www.volcancito.ch\/en\/legal-information-and-disclaimer\/\" \/>\n<meta property=\"og:site_name\" content=\"El Volcancito\" \/>\n<meta property=\"article:publisher\" content=\"https:\/\/www.facebook.com\/volcancito.ch\/\" \/>\n<meta property=\"article:modified_time\" content=\"2024-03-03T10:10:01+00:00\" \/>\n<meta name=\"twitter:card\" content=\"summary_large_image\" \/>\n<meta name=\"twitter:label1\" content=\"Est. reading time\" \/>\n\t<meta name=\"twitter:data1\" content=\"11 minutes\" \/>\n<script type=\"application\/ld+json\" class=\"yoast-schema-graph\">{\"@context\":\"https:\/\/schema.org\",\"@graph\":[{\"@type\":\"WebPage\",\"@id\":\"https:\/\/www.volcancito.ch\/en\/legal-information-and-disclaimer\/\",\"url\":\"https:\/\/www.volcancito.ch\/en\/legal-information-and-disclaimer\/\",\"name\":\"Legal information and disclaimer : El Volcancito\",\"isPartOf\":{\"@id\":\"https:\/\/www.volcancito.ch\/#website\"},\"datePublished\":\"2018-08-05T12:40:05+00:00\",\"dateModified\":\"2024-03-03T10:10:01+00:00\",\"breadcrumb\":{\"@id\":\"https:\/\/www.volcancito.ch\/en\/legal-information-and-disclaimer\/#breadcrumb\"},\"inLanguage\":\"en-US\",\"potentialAction\":[{\"@type\":\"ReadAction\",\"target\":[\"https:\/\/www.volcancito.ch\/en\/legal-information-and-disclaimer\/\"]}]},{\"@type\":\"BreadcrumbList\",\"@id\":\"https:\/\/www.volcancito.ch\/en\/legal-information-and-disclaimer\/#breadcrumb\",\"itemListElement\":[{\"@type\":\"ListItem\",\"position\":1,\"name\":\"Home\",\"item\":\"https:\/\/www.volcancito.ch\/en\/\"},{\"@type\":\"ListItem\",\"position\":2,\"name\":\"Legal information and disclaimer\"}]},{\"@type\":\"WebSite\",\"@id\":\"https:\/\/www.volcancito.ch\/#website\",\"url\":\"https:\/\/www.volcancito.ch\/\",\"name\":\"El Volcancito\",\"description\":\"Your party & catering service for Latin American specialities\",\"publisher\":{\"@id\":\"https:\/\/www.volcancito.ch\/#organization\"},\"potentialAction\":[{\"@type\":\"SearchAction\",\"target\":{\"@type\":\"EntryPoint\",\"urlTemplate\":\"https:\/\/www.volcancito.ch\/?s={search_term_string}\"},\"query-input\":\"required name=search_term_string\"}],\"inLanguage\":\"en-US\"},{\"@type\":\"Organization\",\"@id\":\"https:\/\/www.volcancito.ch\/#organization\",\"name\":\"El Volcancito Catering\",\"url\":\"https:\/\/www.volcancito.ch\/\",\"logo\":{\"@type\":\"ImageObject\",\"inLanguage\":\"en-US\",\"@id\":\"https:\/\/www.volcancito.ch\/#\/schema\/logo\/image\/\",\"url\":\"https:\/\/www.volcancito.ch\/wp-content\/uploads\/El_Volcancito_Catering_Logo.png\",\"contentUrl\":\"https:\/\/www.volcancito.ch\/wp-content\/uploads\/El_Volcancito_Catering_Logo.png\",\"width\":372,\"height\":396,\"caption\":\"El Volcancito Catering\"},\"image\":{\"@id\":\"https:\/\/www.volcancito.ch\/#\/schema\/logo\/image\/\"},\"sameAs\":[\"https:\/\/www.facebook.com\/volcancito.ch\/\"]}]}<\/script>\n<!-- \/ Yoast SEO plugin. -->","yoast_head_json":{"title":"Legal information and disclaimer : El Volcancito","robots":{"index":"index","follow":"follow","max-snippet":"max-snippet:-1","max-image-preview":"max-image-preview:large","max-video-preview":"max-video-preview:-1"},"canonical":"https:\/\/www.volcancito.ch\/en\/legal-information-and-disclaimer\/","og_locale":"en_US","og_type":"article","og_title":"Legal information and disclaimer : El Volcancito","og_description":"Kontaktadresse &amp; Verantwortlich f\u00fcr den Inhalt Rosalina Mena&#8217;s El Volcancito Catering Rosalina\u00a0Mena Eymann Pappelweg 42 8404 Winterthur Schweiz Email: hola@volcancito.ch WordPress Website:\u00a080\/20 Webdesign &amp; SEO Webagentur Haftungsausschluss Der Autor \u00fcbernimmt keinerlei Gew\u00e4hr hinsichtlich der inhaltlichen Richtigkeit, Genauigkeit, Aktualit\u00e4t, Zuverl\u00e4ssigkeit und Vollst\u00e4ndigkeit der Informationen. Haftungsanspr\u00fcche gegen den Autor wegen Sch\u00e4den materieller oder immaterieller Art, welche aus dem Zugriff oder der Nutzung ... Read More","og_url":"https:\/\/www.volcancito.ch\/en\/legal-information-and-disclaimer\/","og_site_name":"El Volcancito","article_publisher":"https:\/\/www.facebook.com\/volcancito.ch\/","article_modified_time":"2024-03-03T10:10:01+00:00","twitter_card":"summary_large_image","twitter_misc":{"Est. reading time":"11 minutes"},"schema":{"@context":"https:\/\/schema.org","@graph":[{"@type":"WebPage","@id":"https:\/\/www.volcancito.ch\/en\/legal-information-and-disclaimer\/","url":"https:\/\/www.volcancito.ch\/en\/legal-information-and-disclaimer\/","name":"Legal information and disclaimer : El Volcancito","isPartOf":{"@id":"https:\/\/www.volcancito.ch\/#website"},"datePublished":"2018-08-05T12:40:05+00:00","dateModified":"2024-03-03T10:10:01+00:00","breadcrumb":{"@id":"https:\/\/www.volcancito.ch\/en\/legal-information-and-disclaimer\/#breadcrumb"},"inLanguage":"en-US","potentialAction":[{"@type":"ReadAction","target":["https:\/\/www.volcancito.ch\/en\/legal-information-and-disclaimer\/"]}]},{"@type":"BreadcrumbList","@id":"https:\/\/www.volcancito.ch\/en\/legal-information-and-disclaimer\/#breadcrumb","itemListElement":[{"@type":"ListItem","position":1,"name":"Home","item":"https:\/\/www.volcancito.ch\/en\/"},{"@type":"ListItem","position":2,"name":"Legal information and disclaimer"}]},{"@type":"WebSite","@id":"https:\/\/www.volcancito.ch\/#website","url":"https:\/\/www.volcancito.ch\/","name":"El Volcancito","description":"Your party & catering service for Latin American specialities","publisher":{"@id":"https:\/\/www.volcancito.ch\/#organization"},"potentialAction":[{"@type":"SearchAction","target":{"@type":"EntryPoint","urlTemplate":"https:\/\/www.volcancito.ch\/?s={search_term_string}"},"query-input":"required name=search_term_string"}],"inLanguage":"en-US"},{"@type":"Organization","@id":"https:\/\/www.volcancito.ch\/#organization","name":"El Volcancito Catering","url":"https:\/\/www.volcancito.ch\/","logo":{"@type":"ImageObject","inLanguage":"en-US","@id":"https:\/\/www.volcancito.ch\/#\/schema\/logo\/image\/","url":"https:\/\/www.volcancito.ch\/wp-content\/uploads\/El_Volcancito_Catering_Logo.png","contentUrl":"https:\/\/www.volcancito.ch\/wp-content\/uploads\/El_Volcancito_Catering_Logo.png","width":372,"height":396,"caption":"El Volcancito Catering"},"image":{"@id":"https:\/\/www.volcancito.ch\/#\/schema\/logo\/image\/"},"sameAs":["https:\/\/www.facebook.com\/volcancito.ch\/"]}]}},"_links":{"self":[{"href":"https:\/\/www.volcancito.ch\/en\/wp-json\/wp\/v2\/pages\/591"}],"collection":[{"href":"https:\/\/www.volcancito.ch\/en\/wp-json\/wp\/v2\/pages"}],"about":[{"href":"https:\/\/www.volcancito.ch\/en\/wp-json\/wp\/v2\/types\/page"}],"author":[{"embeddable":true,"href":"https:\/\/www.volcancito.ch\/en\/wp-json\/wp\/v2\/users\/2"}],"replies":[{"embeddable":true,"href":"https:\/\/www.volcancito.ch\/en\/wp-json\/wp\/v2\/comments?post=591"}],"version-history":[{"count":1,"href":"https:\/\/www.volcancito.ch\/en\/wp-json\/wp\/v2\/pages\/591\/revisions"}],"predecessor-version":[{"id":941,"href":"https:\/\/www.volcancito.ch\/en\/wp-json\/wp\/v2\/pages\/591\/revisions\/941"}],"wp:attachment":[{"href":"https:\/\/www.volcancito.ch\/en\/wp-json\/wp\/v2\/media?parent=591"}],"curies":[{"name":"wp","href":"https:\/\/api.w.org\/{rel}","templated":true}]}}