{"id":531,"date":"2018-08-05T10:43:56","date_gmt":"2018-08-05T08:43:56","guid":{"rendered":"https:\/\/www.volcancito.ch\/el-volcancito-es\/"},"modified":"2018-10-21T19:33:45","modified_gmt":"2018-10-21T17:33:45","slug":"el-volcancito-es","status":"publish","type":"page","link":"https:\/\/www.volcancito.ch\/es\/el-volcancito-es\/","title":{"rendered":"El Volcancito es&#8230;"},"content":{"rendered":"<h4><strong>.\u2026 su especialista en catering Latino<br \/>\n<\/strong><\/h4>\n<p><em>Una empresa peque\u00f1a, pero de calidad, centrada en especialidades exclusivas de Latinoam\u00e9rica.<\/em><\/p>\n<h4><strong>&#8230; flexible y sin complicaciones<\/strong><\/h4>\n<p><em>Desde aperitivos hasta men\u00fas de seis tiempos, con o sin bebidas, y con preparaci\u00f3n directa en el lugar o recogiendo la comida ya preparada, con El Volcancito Catering, usted elige lo que quiere.<\/em><\/p>\n<h4><strong>&#8230; siempre fresco<br \/>\n<\/strong><\/h4>\n<p><em>Solo trabajamos con distribuidores suizos reconocidos, y compramos todos nuestros ingredientes frescos. Elaboramos todas nuestras comidas cumpliendo los est\u00e1ndares higi\u00e9nicos m\u00e1s estrictos.<\/em><\/p>\n<h4><strong>&#8230; para todos<br \/>\n<\/strong><\/h4>\n<p><em>Muchos de nuestros men\u00fas tambi\u00e9n son aptos para vegetarianos, veganos o personas con alergias alimentarias.<\/em><\/p>\n<h4><strong>&#8230;\u00a0original y aut\u00e9ntico<br \/>\n<\/strong><\/h4>\n<p><em>Con el sabor no hacemos concesiones. Todas las comidas se elaboran con mucho cari\u00f1o siguiendo las recetas originales de Latinoam\u00e9rica.<\/em><\/p>\n<p><em>Cons\u00faltenos sin compromiso, y le haremos <a href=\"https:\/\/www.volcancito.ch\/es\/contacto\/\">una oferta a su medida<\/a>.<\/em><\/p>\n<p><img decoding=\"async\" loading=\"lazy\" class=\" wp-image-334 aligncenter\" src=\"https:\/\/www.volcancito.ch\/wp-content\/uploads\/Volcancito_Catering_Buffet4-min-300x200.jpg\" alt=\"\" width=\"512\" height=\"341\" srcset=\"https:\/\/www.volcancito.ch\/wp-content\/uploads\/Volcancito_Catering_Buffet4-min-300x200.jpg 300w, https:\/\/www.volcancito.ch\/wp-content\/uploads\/Volcancito_Catering_Buffet4-min-100x67.jpg 100w, https:\/\/www.volcancito.ch\/wp-content\/uploads\/Volcancito_Catering_Buffet4-min-864x575.jpg 864w, https:\/\/www.volcancito.ch\/wp-content\/uploads\/Volcancito_Catering_Buffet4-min.jpg 1000w\" sizes=\"(max-width: 767px) 95vw, (max-width: 979px) 80vw, 1200px\" \/><\/p>\n<p>&nbsp;<\/p>\n","protected":false},"excerpt":{"rendered":"<p>.\u2026 su especialista en catering Latino Una empresa peque\u00f1a, pero de calidad, centrada en especialidades exclusivas de Latinoam\u00e9rica. &#8230; flexible y sin complicaciones Desde aperitivos hasta men\u00fas de seis tiempos, con o sin bebidas, y con preparaci\u00f3n directa en el lugar o recogiendo la comida ya preparada, con El Volcancito Catering, usted elige lo que quiere. &#8230; siempre fresco Solo &#8230; <a href=\"https:\/\/www.volcancito.ch\/es\/el-volcancito-es\/\" class=\"more-link\">Read More<\/a><\/p>\n","protected":false},"author":2,"featured_media":0,"parent":0,"menu_order":0,"comment_status":"closed","ping_status":"closed","template":"","meta":{"footnotes":""},"yoast_head":"<!-- This site is optimized with the Yoast SEO plugin v21.4 - https:\/\/yoast.com\/wordpress\/plugins\/seo\/ -->\n<title>El Volcancito es... : El Volcancito<\/title>\n<meta name=\"robots\" content=\"index, follow, max-snippet:-1, max-image-preview:large, max-video-preview:-1\" \/>\n<link rel=\"canonical\" href=\"https:\/\/www.volcancito.ch\/es\/el-volcancito-es\/\" \/>\n<meta property=\"og:locale\" content=\"es_ES\" \/>\n<meta property=\"og:type\" content=\"article\" \/>\n<meta property=\"og:title\" content=\"El Volcancito es... : El Volcancito\" \/>\n<meta property=\"og:description\" content=\".\u2026 su especialista en catering Latino Una empresa peque\u00f1a, pero de calidad, centrada en especialidades exclusivas de Latinoam\u00e9rica. &#8230; flexible y sin complicaciones Desde aperitivos hasta men\u00fas de seis tiempos, con o sin bebidas, y con preparaci\u00f3n directa en el lugar o recogiendo la comida ya preparada, con El Volcancito Catering, usted elige lo que quiere. &#8230; siempre fresco Solo ... Read More\" \/>\n<meta property=\"og:url\" content=\"https:\/\/www.volcancito.ch\/es\/el-volcancito-es\/\" \/>\n<meta property=\"og:site_name\" content=\"El Volcancito\" \/>\n<meta property=\"article:publisher\" content=\"https:\/\/www.facebook.com\/volcancito.ch\/\" \/>\n<meta property=\"article:modified_time\" content=\"2018-10-21T17:33:45+00:00\" \/>\n<meta property=\"og:image\" content=\"https:\/\/www.volcancito.ch\/wp-content\/uploads\/Volcancito_Catering_Buffet4-min-300x200.jpg\" \/>\n<meta name=\"twitter:card\" content=\"summary_large_image\" \/>\n<meta name=\"twitter:label1\" content=\"Tiempo de lectura\" \/>\n\t<meta name=\"twitter:data1\" content=\"1 minuto\" \/>\n<script type=\"application\/ld+json\" class=\"yoast-schema-graph\">{\"@context\":\"https:\/\/schema.org\",\"@graph\":[{\"@type\":\"WebPage\",\"@id\":\"https:\/\/www.volcancito.ch\/es\/el-volcancito-es\/\",\"url\":\"https:\/\/www.volcancito.ch\/es\/el-volcancito-es\/\",\"name\":\"El Volcancito es... : El Volcancito\",\"isPartOf\":{\"@id\":\"https:\/\/www.volcancito.ch\/#website\"},\"datePublished\":\"2018-08-05T08:43:56+00:00\",\"dateModified\":\"2018-10-21T17:33:45+00:00\",\"breadcrumb\":{\"@id\":\"https:\/\/www.volcancito.ch\/es\/el-volcancito-es\/#breadcrumb\"},\"inLanguage\":\"es\",\"potentialAction\":[{\"@type\":\"ReadAction\",\"target\":[\"https:\/\/www.volcancito.ch\/es\/el-volcancito-es\/\"]}]},{\"@type\":\"BreadcrumbList\",\"@id\":\"https:\/\/www.volcancito.ch\/es\/el-volcancito-es\/#breadcrumb\",\"itemListElement\":[{\"@type\":\"ListItem\",\"position\":1,\"name\":\"Home\",\"item\":\"https:\/\/www.volcancito.ch\/es\/\"},{\"@type\":\"ListItem\",\"position\":2,\"name\":\"El Volcancito es&#8230;\"}]},{\"@type\":\"WebSite\",\"@id\":\"https:\/\/www.volcancito.ch\/#website\",\"url\":\"https:\/\/www.volcancito.ch\/\",\"name\":\"El Volcancito\",\"description\":\"Su servicio de catering con especialidades latinoamericanas\",\"publisher\":{\"@id\":\"https:\/\/www.volcancito.ch\/#organization\"},\"potentialAction\":[{\"@type\":\"SearchAction\",\"target\":{\"@type\":\"EntryPoint\",\"urlTemplate\":\"https:\/\/www.volcancito.ch\/?s={search_term_string}\"},\"query-input\":\"required name=search_term_string\"}],\"inLanguage\":\"es\"},{\"@type\":\"Organization\",\"@id\":\"https:\/\/www.volcancito.ch\/#organization\",\"name\":\"El Volcancito Catering\",\"url\":\"https:\/\/www.volcancito.ch\/\",\"logo\":{\"@type\":\"ImageObject\",\"inLanguage\":\"es\",\"@id\":\"https:\/\/www.volcancito.ch\/#\/schema\/logo\/image\/\",\"url\":\"https:\/\/www.volcancito.ch\/wp-content\/uploads\/El_Volcancito_Catering_Logo.png\",\"contentUrl\":\"https:\/\/www.volcancito.ch\/wp-content\/uploads\/El_Volcancito_Catering_Logo.png\",\"width\":372,\"height\":396,\"caption\":\"El Volcancito Catering\"},\"image\":{\"@id\":\"https:\/\/www.volcancito.ch\/#\/schema\/logo\/image\/\"},\"sameAs\":[\"https:\/\/www.facebook.com\/volcancito.ch\/\"]}]}<\/script>\n<!-- \/ Yoast SEO plugin. -->","yoast_head_json":{"title":"El Volcancito es... : El Volcancito","robots":{"index":"index","follow":"follow","max-snippet":"max-snippet:-1","max-image-preview":"max-image-preview:large","max-video-preview":"max-video-preview:-1"},"canonical":"https:\/\/www.volcancito.ch\/es\/el-volcancito-es\/","og_locale":"es_ES","og_type":"article","og_title":"El Volcancito es... : El Volcancito","og_description":".\u2026 su especialista en catering Latino Una empresa peque\u00f1a, pero de calidad, centrada en especialidades exclusivas de Latinoam\u00e9rica. &#8230; flexible y sin complicaciones Desde aperitivos hasta men\u00fas de seis tiempos, con o sin bebidas, y con preparaci\u00f3n directa en el lugar o recogiendo la comida ya preparada, con El Volcancito Catering, usted elige lo que quiere. &#8230; siempre fresco Solo ... Read More","og_url":"https:\/\/www.volcancito.ch\/es\/el-volcancito-es\/","og_site_name":"El Volcancito","article_publisher":"https:\/\/www.facebook.com\/volcancito.ch\/","article_modified_time":"2018-10-21T17:33:45+00:00","og_image":[{"url":"https:\/\/www.volcancito.ch\/wp-content\/uploads\/Volcancito_Catering_Buffet4-min-300x200.jpg"}],"twitter_card":"summary_large_image","twitter_misc":{"Tiempo de lectura":"1 minuto"},"schema":{"@context":"https:\/\/schema.org","@graph":[{"@type":"WebPage","@id":"https:\/\/www.volcancito.ch\/es\/el-volcancito-es\/","url":"https:\/\/www.volcancito.ch\/es\/el-volcancito-es\/","name":"El Volcancito es... : El Volcancito","isPartOf":{"@id":"https:\/\/www.volcancito.ch\/#website"},"datePublished":"2018-08-05T08:43:56+00:00","dateModified":"2018-10-21T17:33:45+00:00","breadcrumb":{"@id":"https:\/\/www.volcancito.ch\/es\/el-volcancito-es\/#breadcrumb"},"inLanguage":"es","potentialAction":[{"@type":"ReadAction","target":["https:\/\/www.volcancito.ch\/es\/el-volcancito-es\/"]}]},{"@type":"BreadcrumbList","@id":"https:\/\/www.volcancito.ch\/es\/el-volcancito-es\/#breadcrumb","itemListElement":[{"@type":"ListItem","position":1,"name":"Home","item":"https:\/\/www.volcancito.ch\/es\/"},{"@type":"ListItem","position":2,"name":"El Volcancito es&#8230;"}]},{"@type":"WebSite","@id":"https:\/\/www.volcancito.ch\/#website","url":"https:\/\/www.volcancito.ch\/","name":"El Volcancito","description":"Su servicio de catering con especialidades latinoamericanas","publisher":{"@id":"https:\/\/www.volcancito.ch\/#organization"},"potentialAction":[{"@type":"SearchAction","target":{"@type":"EntryPoint","urlTemplate":"https:\/\/www.volcancito.ch\/?s={search_term_string}"},"query-input":"required name=search_term_string"}],"inLanguage":"es"},{"@type":"Organization","@id":"https:\/\/www.volcancito.ch\/#organization","name":"El Volcancito Catering","url":"https:\/\/www.volcancito.ch\/","logo":{"@type":"ImageObject","inLanguage":"es","@id":"https:\/\/www.volcancito.ch\/#\/schema\/logo\/image\/","url":"https:\/\/www.volcancito.ch\/wp-content\/uploads\/El_Volcancito_Catering_Logo.png","contentUrl":"https:\/\/www.volcancito.ch\/wp-content\/uploads\/El_Volcancito_Catering_Logo.png","width":372,"height":396,"caption":"El Volcancito Catering"},"image":{"@id":"https:\/\/www.volcancito.ch\/#\/schema\/logo\/image\/"},"sameAs":["https:\/\/www.facebook.com\/volcancito.ch\/"]}]}},"_links":{"self":[{"href":"https:\/\/www.volcancito.ch\/es\/wp-json\/wp\/v2\/pages\/531"}],"collection":[{"href":"https:\/\/www.volcancito.ch\/es\/wp-json\/wp\/v2\/pages"}],"about":[{"href":"https:\/\/www.volcancito.ch\/es\/wp-json\/wp\/v2\/types\/page"}],"author":[{"embeddable":true,"href":"https:\/\/www.volcancito.ch\/es\/wp-json\/wp\/v2\/users\/2"}],"replies":[{"embeddable":true,"href":"https:\/\/www.volcancito.ch\/es\/wp-json\/wp\/v2\/comments?post=531"}],"version-history":[{"count":3,"href":"https:\/\/www.volcancito.ch\/es\/wp-json\/wp\/v2\/pages\/531\/revisions"}],"predecessor-version":[{"id":651,"href":"https:\/\/www.volcancito.ch\/es\/wp-json\/wp\/v2\/pages\/531\/revisions\/651"}],"wp:attachment":[{"href":"https:\/\/www.volcancito.ch\/es\/wp-json\/wp\/v2\/media?parent=531"}],"curies":[{"name":"wp","href":"https:\/\/api.w.org\/{rel}","templated":true}]}}