{"id":533,"date":"2018-08-05T10:53:22","date_gmt":"2018-08-05T08:53:22","guid":{"rendered":"https:\/\/www.volcancito.ch\/su-evento\/"},"modified":"2018-10-21T19:39:35","modified_gmt":"2018-10-21T17:39:35","slug":"su-evento","status":"publish","type":"page","link":"https:\/\/www.volcancito.ch\/es\/su-evento\/","title":{"rendered":"Su evento"},"content":{"rendered":"<p><img decoding=\"async\" loading=\"lazy\" class=\" wp-image-154 aligncenter\" src=\"https:\/\/www.volcancito.ch\/wp-content\/uploads\/DSC_4855-300x200.jpg\" alt=\"\" width=\"504\" height=\"336\" srcset=\"https:\/\/www.volcancito.ch\/wp-content\/uploads\/DSC_4855-300x200.jpg 300w, https:\/\/www.volcancito.ch\/wp-content\/uploads\/DSC_4855-100x67.jpg 100w, https:\/\/www.volcancito.ch\/wp-content\/uploads\/DSC_4855-864x575.jpg 864w, https:\/\/www.volcancito.ch\/wp-content\/uploads\/DSC_4855.jpg 1000w\" sizes=\"(max-width: 767px) 95vw, (max-width: 979px) 80vw, 1200px\" \/><\/p>\n<p>Con nuestras deliciosas especialidades latinoamericanas y mexicanas, <em>finger food<\/em> y tapas, nos encargamos de que sus invitados se sientan a gusto. Con ingredientes naturales reci\u00e9n cocinados siguiendo las recetas aut\u00e9nticas, ofrecemos delicias \u00fanicas que le encanta a todo el mundo. Con El Volcancito llega la alegr\u00eda y, con la amplia variedad de su oferta, cada invitado descubre su nueva comida favorita. Conv\u00e9nzase usted mismo, por ejemplo, en su pr\u00f3xima celebraci\u00f3n de &#8230;<\/p>\n<ul>\n<li>\u2026 aperitivo<\/li>\n<li>\u2026 cumplea\u00f1os<\/li>\n<li>\u2026 evento para clientes<\/li>\n<li>\u2026 cumplea\u00f1os infantil<\/li>\n<li>\u2026 comida de Navidad<\/li>\n<li>\u2026 aniversario<\/li>\n<li>\u2026 boda.<\/li>\n<\/ul>\n<p><strong>Disfrute tambi\u00e9n de un rato sin preocupaciones con sus invitados, y de sus caras de alegr\u00eda.<\/strong><\/p>\n<p>Eche un vistazo a <a href=\"https:\/\/www.volcancito.ch\/es\/su-evento\/hasta-la-fecha\/\">otros eventos realizados hasta la fecha<\/a>, as\u00ed como a nuestro <a href=\"https:\/\/www.volcancito.ch\/es\/menuekarte\/\">men\u00fa<\/a>, o p\u00f3ngase <a href=\"https:\/\/www.volcancito.ch\/es\/contacto\/\">en contacto<\/a> con nosotros y le presentaremos una oferta a su medida sin compromiso alguno.<\/p>\n<p><img decoding=\"async\" loading=\"lazy\" class=\" wp-image-345 aligncenter\" src=\"https:\/\/www.volcancito.ch\/wp-content\/uploads\/Volcancito_Catering_Nachos_Guacamole-min-300x300.jpg\" alt=\"\" width=\"505\" height=\"505\" srcset=\"https:\/\/www.volcancito.ch\/wp-content\/uploads\/Volcancito_Catering_Nachos_Guacamole-min-300x300.jpg 300w, https:\/\/www.volcancito.ch\/wp-content\/uploads\/Volcancito_Catering_Nachos_Guacamole-min-150x150.jpg 150w, https:\/\/www.volcancito.ch\/wp-content\/uploads\/Volcancito_Catering_Nachos_Guacamole-min-100x100.jpg 100w, https:\/\/www.volcancito.ch\/wp-content\/uploads\/Volcancito_Catering_Nachos_Guacamole-min-864x863.jpg 864w, https:\/\/www.volcancito.ch\/wp-content\/uploads\/Volcancito_Catering_Nachos_Guacamole-min.jpg 1000w\" sizes=\"(max-width: 767px) 95vw, (max-width: 979px) 80vw, 1200px\" \/><\/p>\n","protected":false},"excerpt":{"rendered":"<p>Con nuestras deliciosas especialidades latinoamericanas y mexicanas, finger food y tapas, nos encargamos de que sus invitados se sientan a gusto. Con ingredientes naturales reci\u00e9n cocinados siguiendo las recetas aut\u00e9nticas, ofrecemos delicias \u00fanicas que le encanta a todo el mundo. Con El Volcancito llega la alegr\u00eda y, con la amplia variedad de su oferta, cada invitado descubre su nueva comida &#8230; <a href=\"https:\/\/www.volcancito.ch\/es\/su-evento\/\" class=\"more-link\">Read More<\/a><\/p>\n","protected":false},"author":2,"featured_media":0,"parent":0,"menu_order":0,"comment_status":"closed","ping_status":"closed","template":"","meta":{"footnotes":""},"yoast_head":"<!-- This site is optimized with the Yoast SEO plugin v21.4 - https:\/\/yoast.com\/wordpress\/plugins\/seo\/ -->\n<title>Su evento : El Volcancito<\/title>\n<meta name=\"robots\" content=\"index, follow, max-snippet:-1, max-image-preview:large, max-video-preview:-1\" \/>\n<link rel=\"canonical\" href=\"https:\/\/www.volcancito.ch\/es\/su-evento\/\" \/>\n<meta property=\"og:locale\" content=\"es_ES\" \/>\n<meta property=\"og:type\" content=\"article\" \/>\n<meta property=\"og:title\" content=\"Su evento : El Volcancito\" \/>\n<meta property=\"og:description\" content=\"Con nuestras deliciosas especialidades latinoamericanas y mexicanas, finger food y tapas, nos encargamos de que sus invitados se sientan a gusto. Con ingredientes naturales reci\u00e9n cocinados siguiendo las recetas aut\u00e9nticas, ofrecemos delicias \u00fanicas que le encanta a todo el mundo. Con El Volcancito llega la alegr\u00eda y, con la amplia variedad de su oferta, cada invitado descubre su nueva comida ... Read More\" \/>\n<meta property=\"og:url\" content=\"https:\/\/www.volcancito.ch\/es\/su-evento\/\" \/>\n<meta property=\"og:site_name\" content=\"El Volcancito\" \/>\n<meta property=\"article:publisher\" content=\"https:\/\/www.facebook.com\/volcancito.ch\/\" \/>\n<meta property=\"article:modified_time\" content=\"2018-10-21T17:39:35+00:00\" \/>\n<meta property=\"og:image\" content=\"https:\/\/www.volcancito.ch\/wp-content\/uploads\/DSC_4855-300x200.jpg\" \/>\n<meta name=\"twitter:card\" content=\"summary_large_image\" \/>\n<meta name=\"twitter:label1\" content=\"Tiempo de lectura\" \/>\n\t<meta name=\"twitter:data1\" content=\"1 minuto\" \/>\n<script type=\"application\/ld+json\" class=\"yoast-schema-graph\">{\"@context\":\"https:\/\/schema.org\",\"@graph\":[{\"@type\":\"WebPage\",\"@id\":\"https:\/\/www.volcancito.ch\/es\/su-evento\/\",\"url\":\"https:\/\/www.volcancito.ch\/es\/su-evento\/\",\"name\":\"Su evento : El Volcancito\",\"isPartOf\":{\"@id\":\"https:\/\/www.volcancito.ch\/#website\"},\"datePublished\":\"2018-08-05T08:53:22+00:00\",\"dateModified\":\"2018-10-21T17:39:35+00:00\",\"breadcrumb\":{\"@id\":\"https:\/\/www.volcancito.ch\/es\/su-evento\/#breadcrumb\"},\"inLanguage\":\"es\",\"potentialAction\":[{\"@type\":\"ReadAction\",\"target\":[\"https:\/\/www.volcancito.ch\/es\/su-evento\/\"]}]},{\"@type\":\"BreadcrumbList\",\"@id\":\"https:\/\/www.volcancito.ch\/es\/su-evento\/#breadcrumb\",\"itemListElement\":[{\"@type\":\"ListItem\",\"position\":1,\"name\":\"Home\",\"item\":\"https:\/\/www.volcancito.ch\/es\/\"},{\"@type\":\"ListItem\",\"position\":2,\"name\":\"Su evento\"}]},{\"@type\":\"WebSite\",\"@id\":\"https:\/\/www.volcancito.ch\/#website\",\"url\":\"https:\/\/www.volcancito.ch\/\",\"name\":\"El Volcancito\",\"description\":\"Su servicio de catering con especialidades latinoamericanas\",\"publisher\":{\"@id\":\"https:\/\/www.volcancito.ch\/#organization\"},\"potentialAction\":[{\"@type\":\"SearchAction\",\"target\":{\"@type\":\"EntryPoint\",\"urlTemplate\":\"https:\/\/www.volcancito.ch\/?s={search_term_string}\"},\"query-input\":\"required name=search_term_string\"}],\"inLanguage\":\"es\"},{\"@type\":\"Organization\",\"@id\":\"https:\/\/www.volcancito.ch\/#organization\",\"name\":\"El Volcancito Catering\",\"url\":\"https:\/\/www.volcancito.ch\/\",\"logo\":{\"@type\":\"ImageObject\",\"inLanguage\":\"es\",\"@id\":\"https:\/\/www.volcancito.ch\/#\/schema\/logo\/image\/\",\"url\":\"https:\/\/www.volcancito.ch\/wp-content\/uploads\/El_Volcancito_Catering_Logo.png\",\"contentUrl\":\"https:\/\/www.volcancito.ch\/wp-content\/uploads\/El_Volcancito_Catering_Logo.png\",\"width\":372,\"height\":396,\"caption\":\"El Volcancito Catering\"},\"image\":{\"@id\":\"https:\/\/www.volcancito.ch\/#\/schema\/logo\/image\/\"},\"sameAs\":[\"https:\/\/www.facebook.com\/volcancito.ch\/\"]}]}<\/script>\n<!-- \/ Yoast SEO plugin. -->","yoast_head_json":{"title":"Su evento : El Volcancito","robots":{"index":"index","follow":"follow","max-snippet":"max-snippet:-1","max-image-preview":"max-image-preview:large","max-video-preview":"max-video-preview:-1"},"canonical":"https:\/\/www.volcancito.ch\/es\/su-evento\/","og_locale":"es_ES","og_type":"article","og_title":"Su evento : El Volcancito","og_description":"Con nuestras deliciosas especialidades latinoamericanas y mexicanas, finger food y tapas, nos encargamos de que sus invitados se sientan a gusto. Con ingredientes naturales reci\u00e9n cocinados siguiendo las recetas aut\u00e9nticas, ofrecemos delicias \u00fanicas que le encanta a todo el mundo. Con El Volcancito llega la alegr\u00eda y, con la amplia variedad de su oferta, cada invitado descubre su nueva comida ... Read More","og_url":"https:\/\/www.volcancito.ch\/es\/su-evento\/","og_site_name":"El Volcancito","article_publisher":"https:\/\/www.facebook.com\/volcancito.ch\/","article_modified_time":"2018-10-21T17:39:35+00:00","og_image":[{"url":"https:\/\/www.volcancito.ch\/wp-content\/uploads\/DSC_4855-300x200.jpg"}],"twitter_card":"summary_large_image","twitter_misc":{"Tiempo de lectura":"1 minuto"},"schema":{"@context":"https:\/\/schema.org","@graph":[{"@type":"WebPage","@id":"https:\/\/www.volcancito.ch\/es\/su-evento\/","url":"https:\/\/www.volcancito.ch\/es\/su-evento\/","name":"Su evento : El Volcancito","isPartOf":{"@id":"https:\/\/www.volcancito.ch\/#website"},"datePublished":"2018-08-05T08:53:22+00:00","dateModified":"2018-10-21T17:39:35+00:00","breadcrumb":{"@id":"https:\/\/www.volcancito.ch\/es\/su-evento\/#breadcrumb"},"inLanguage":"es","potentialAction":[{"@type":"ReadAction","target":["https:\/\/www.volcancito.ch\/es\/su-evento\/"]}]},{"@type":"BreadcrumbList","@id":"https:\/\/www.volcancito.ch\/es\/su-evento\/#breadcrumb","itemListElement":[{"@type":"ListItem","position":1,"name":"Home","item":"https:\/\/www.volcancito.ch\/es\/"},{"@type":"ListItem","position":2,"name":"Su evento"}]},{"@type":"WebSite","@id":"https:\/\/www.volcancito.ch\/#website","url":"https:\/\/www.volcancito.ch\/","name":"El Volcancito","description":"Su servicio de catering con especialidades latinoamericanas","publisher":{"@id":"https:\/\/www.volcancito.ch\/#organization"},"potentialAction":[{"@type":"SearchAction","target":{"@type":"EntryPoint","urlTemplate":"https:\/\/www.volcancito.ch\/?s={search_term_string}"},"query-input":"required name=search_term_string"}],"inLanguage":"es"},{"@type":"Organization","@id":"https:\/\/www.volcancito.ch\/#organization","name":"El Volcancito Catering","url":"https:\/\/www.volcancito.ch\/","logo":{"@type":"ImageObject","inLanguage":"es","@id":"https:\/\/www.volcancito.ch\/#\/schema\/logo\/image\/","url":"https:\/\/www.volcancito.ch\/wp-content\/uploads\/El_Volcancito_Catering_Logo.png","contentUrl":"https:\/\/www.volcancito.ch\/wp-content\/uploads\/El_Volcancito_Catering_Logo.png","width":372,"height":396,"caption":"El Volcancito Catering"},"image":{"@id":"https:\/\/www.volcancito.ch\/#\/schema\/logo\/image\/"},"sameAs":["https:\/\/www.facebook.com\/volcancito.ch\/"]}]}},"_links":{"self":[{"href":"https:\/\/www.volcancito.ch\/es\/wp-json\/wp\/v2\/pages\/533"}],"collection":[{"href":"https:\/\/www.volcancito.ch\/es\/wp-json\/wp\/v2\/pages"}],"about":[{"href":"https:\/\/www.volcancito.ch\/es\/wp-json\/wp\/v2\/types\/page"}],"author":[{"embeddable":true,"href":"https:\/\/www.volcancito.ch\/es\/wp-json\/wp\/v2\/users\/2"}],"replies":[{"embeddable":true,"href":"https:\/\/www.volcancito.ch\/es\/wp-json\/wp\/v2\/comments?post=533"}],"version-history":[{"count":2,"href":"https:\/\/www.volcancito.ch\/es\/wp-json\/wp\/v2\/pages\/533\/revisions"}],"predecessor-version":[{"id":656,"href":"https:\/\/www.volcancito.ch\/es\/wp-json\/wp\/v2\/pages\/533\/revisions\/656"}],"wp:attachment":[{"href":"https:\/\/www.volcancito.ch\/es\/wp-json\/wp\/v2\/media?parent=533"}],"curies":[{"name":"wp","href":"https:\/\/api.w.org\/{rel}","templated":true}]}}